{"id":1617,"date":"2014-08-12T11:20:20","date_gmt":"2014-08-12T08:20:20","guid":{"rendered":"http:\/\/new.medivar.eu\/?page_id=1617"},"modified":"2014-08-12T11:20:41","modified_gmt":"2014-08-12T08:20:41","slug":"1617-2","status":"publish","type":"page","link":"https:\/\/www.medivar.eu\/en\/1617-2\/","title":{"rendered":"The Company"},"content":{"rendered":"<p style=\"text-align: justify;\">Medivar O\u00dc tegevusalaks on erineva meditsiinitehnika, -tarvikute ning meditsiinilise m\u00f6\u00f6bli m\u00fc\u00fck.Meie koost\u00f6\u00f6partneriteks on innovaatilised ning kvaliteetse toodangu poolest tuntud firmad \u00fcle maailma.Medivari klientideks on haiglad, polikliinikud, hooldekodud, tervisekeskused, taastusravikeskused, perearstikeskused ning muud meditsiiniasutused \u00fcle terve Eesti.Medivar O\u00dc tegevus jaotub laiemalt viieks erinevaks p\u00f5hivaldkonnaks:<\/p>\n<ul>\n<li>Diagnostilised seadmed<\/li>\n<li>Hooldusravi tooted<\/li>\n<li>Taastusravi tooted<\/li>\n<li>Meditsiiniline m\u00f6\u00f6bel<\/li>\n<li>Kulutarvikud<\/li>\n<\/ul>\n<p style=\"text-align: justify;\">Soovime Teid parimal v\u00f5imalikul moel aidata, seega k\u00fcsimuste osas v\u00f5tke meiega kindlasti \u00fchendust ning proovime Teie p\u00e4ringule leida parima v\u00f5imaliku lahenduse!<\/p>\n<p>Medivar O\u00dc abivalmis meeskond!<\/p>\n","protected":false},"excerpt":{"rendered":"Medivar O\u00dc tegevusalaks on erineva meditsiinitehnika, -tarvikute ning meditsiinilise m\u00f6\u00f6bli m\u00fc\u00fck.Meie koost\u00f6\u00f6partneriteks on innovaatilised ning kvaliteetse toodangu poolest tuntud firmad \u00fcle maailma.Medivari klientideks on haiglad, polikliinikud, hooldekodud, tervisekeskused, taastusravikeskused, perearstikeskused ning muud meditsiiniasutused \u00fcle terve Eesti.Medivar O\u00dc tegevus jaotub laiemalt viieks erinevaks p\u00f5hivaldkonnaks: Diagnostilised seadmed Hooldusravi tooted Taastusravi tooted Meditsiiniline m\u00f6\u00f6bel Kulutarvikud Soovime Teid parimal&#8230; <a class=\"view-article\" href=\"https:\/\/www.medivar.eu\/en\/1617-2\/\">Vaata<\/a>","protected":false},"author":1,"featured_media":0,"parent":0,"menu_order":0,"comment_status":"open","ping_status":"open","template":"rubrigimenuuga_template.php","meta":{"ngg_post_thumbnail":0,"footnotes":""},"acf":[],"yoast_head":"<!-- This site is optimized with the Yoast SEO plugin v22.2 - https:\/\/yoast.com\/wordpress\/plugins\/seo\/ -->\n<title>The Company - Medivar<\/title>\n<meta name=\"robots\" content=\"index, follow, max-snippet:-1, max-image-preview:large, max-video-preview:-1\" \/>\n<link rel=\"canonical\" href=\"https:\/\/www.medivar.eu\/en\/1617-2\/\" \/>\n<meta property=\"og:locale\" content=\"en_US\" \/>\n<meta property=\"og:type\" content=\"article\" \/>\n<meta property=\"og:title\" content=\"The Company - Medivar\" \/>\n<meta property=\"og:description\" content=\"Medivar O\u00dc tegevusalaks on erineva meditsiinitehnika, -tarvikute ning meditsiinilise m\u00f6\u00f6bli m\u00fc\u00fck.Meie koost\u00f6\u00f6partneriteks on innovaatilised ning kvaliteetse toodangu poolest tuntud firmad \u00fcle maailma.Medivari klientideks on haiglad, polikliinikud, hooldekodud, tervisekeskused, taastusravikeskused, perearstikeskused ning muud meditsiiniasutused \u00fcle terve Eesti.Medivar O\u00dc tegevus jaotub laiemalt viieks erinevaks p\u00f5hivaldkonnaks: Diagnostilised seadmed Hooldusravi tooted Taastusravi tooted Meditsiiniline m\u00f6\u00f6bel Kulutarvikud Soovime Teid parimal... Vaata\" \/>\n<meta property=\"og:url\" content=\"https:\/\/www.medivar.eu\/en\/1617-2\/\" \/>\n<meta property=\"og:site_name\" content=\"Medivar\" \/>\n<meta property=\"article:modified_time\" content=\"2014-08-12T08:20:41+00:00\" \/>\n<meta name=\"twitter:card\" content=\"summary_large_image\" \/>\n<script type=\"application\/ld+json\" class=\"yoast-schema-graph\">{\"@context\":\"https:\/\/schema.org\",\"@graph\":[{\"@type\":\"WebPage\",\"@id\":\"https:\/\/www.medivar.eu\/en\/1617-2\/\",\"url\":\"https:\/\/www.medivar.eu\/en\/1617-2\/\",\"name\":\"The Company - Medivar\",\"isPartOf\":{\"@id\":\"https:\/\/medivar.eu\/#website\"},\"datePublished\":\"2014-08-12T08:20:20+00:00\",\"dateModified\":\"2014-08-12T08:20:41+00:00\",\"breadcrumb\":{\"@id\":\"https:\/\/www.medivar.eu\/en\/1617-2\/#breadcrumb\"},\"inLanguage\":\"en-US\",\"potentialAction\":[{\"@type\":\"ReadAction\",\"target\":[\"https:\/\/www.medivar.eu\/en\/1617-2\/\"]}]},{\"@type\":\"BreadcrumbList\",\"@id\":\"https:\/\/www.medivar.eu\/en\/1617-2\/#breadcrumb\",\"itemListElement\":[{\"@type\":\"ListItem\",\"position\":1,\"name\":\"Home\",\"item\":\"https:\/\/medivar.eu\/en\/\"},{\"@type\":\"ListItem\",\"position\":2,\"name\":\"The Company\"}]},{\"@type\":\"WebSite\",\"@id\":\"https:\/\/medivar.eu\/#website\",\"url\":\"https:\/\/medivar.eu\/\",\"name\":\"Medivar\",\"description\":\"Medivar\",\"potentialAction\":[{\"@type\":\"SearchAction\",\"target\":{\"@type\":\"EntryPoint\",\"urlTemplate\":\"https:\/\/medivar.eu\/?s={search_term_string}\"},\"query-input\":\"required name=search_term_string\"}],\"inLanguage\":\"en-US\"}]}<\/script>\n<!-- \/ Yoast SEO plugin. -->","yoast_head_json":{"title":"The Company - Medivar","robots":{"index":"index","follow":"follow","max-snippet":"max-snippet:-1","max-image-preview":"max-image-preview:large","max-video-preview":"max-video-preview:-1"},"canonical":"https:\/\/www.medivar.eu\/en\/1617-2\/","og_locale":"en_US","og_type":"article","og_title":"The Company - Medivar","og_description":"Medivar O\u00dc tegevusalaks on erineva meditsiinitehnika, -tarvikute ning meditsiinilise m\u00f6\u00f6bli m\u00fc\u00fck.Meie koost\u00f6\u00f6partneriteks on innovaatilised ning kvaliteetse toodangu poolest tuntud firmad \u00fcle maailma.Medivari klientideks on haiglad, polikliinikud, hooldekodud, tervisekeskused, taastusravikeskused, perearstikeskused ning muud meditsiiniasutused \u00fcle terve Eesti.Medivar O\u00dc tegevus jaotub laiemalt viieks erinevaks p\u00f5hivaldkonnaks: Diagnostilised seadmed Hooldusravi tooted Taastusravi tooted Meditsiiniline m\u00f6\u00f6bel Kulutarvikud Soovime Teid parimal... Vaata","og_url":"https:\/\/www.medivar.eu\/en\/1617-2\/","og_site_name":"Medivar","article_modified_time":"2014-08-12T08:20:41+00:00","twitter_card":"summary_large_image","schema":{"@context":"https:\/\/schema.org","@graph":[{"@type":"WebPage","@id":"https:\/\/www.medivar.eu\/en\/1617-2\/","url":"https:\/\/www.medivar.eu\/en\/1617-2\/","name":"The Company - Medivar","isPartOf":{"@id":"https:\/\/medivar.eu\/#website"},"datePublished":"2014-08-12T08:20:20+00:00","dateModified":"2014-08-12T08:20:41+00:00","breadcrumb":{"@id":"https:\/\/www.medivar.eu\/en\/1617-2\/#breadcrumb"},"inLanguage":"en-US","potentialAction":[{"@type":"ReadAction","target":["https:\/\/www.medivar.eu\/en\/1617-2\/"]}]},{"@type":"BreadcrumbList","@id":"https:\/\/www.medivar.eu\/en\/1617-2\/#breadcrumb","itemListElement":[{"@type":"ListItem","position":1,"name":"Home","item":"https:\/\/medivar.eu\/en\/"},{"@type":"ListItem","position":2,"name":"The Company"}]},{"@type":"WebSite","@id":"https:\/\/medivar.eu\/#website","url":"https:\/\/medivar.eu\/","name":"Medivar","description":"Medivar","potentialAction":[{"@type":"SearchAction","target":{"@type":"EntryPoint","urlTemplate":"https:\/\/medivar.eu\/?s={search_term_string}"},"query-input":"required name=search_term_string"}],"inLanguage":"en-US"}]}},"_links":{"self":[{"href":"https:\/\/www.medivar.eu\/en\/wp-json\/wp\/v2\/pages\/1617"}],"collection":[{"href":"https:\/\/www.medivar.eu\/en\/wp-json\/wp\/v2\/pages"}],"about":[{"href":"https:\/\/www.medivar.eu\/en\/wp-json\/wp\/v2\/types\/page"}],"author":[{"embeddable":true,"href":"https:\/\/www.medivar.eu\/en\/wp-json\/wp\/v2\/users\/1"}],"replies":[{"embeddable":true,"href":"https:\/\/www.medivar.eu\/en\/wp-json\/wp\/v2\/comments?post=1617"}],"version-history":[{"count":2,"href":"https:\/\/www.medivar.eu\/en\/wp-json\/wp\/v2\/pages\/1617\/revisions"}],"predecessor-version":[{"id":1619,"href":"https:\/\/www.medivar.eu\/en\/wp-json\/wp\/v2\/pages\/1617\/revisions\/1619"}],"wp:attachment":[{"href":"https:\/\/www.medivar.eu\/en\/wp-json\/wp\/v2\/media?parent=1617"}],"curies":[{"name":"wp","href":"https:\/\/api.w.org\/{rel}","templated":true}]}}